{"id":4514,"date":"2022-02-13T22:13:26","date_gmt":"2022-02-13T21:13:26","guid":{"rendered":"https:\/\/redbros-dev.uniqode-agency.fr\/produit\/patienta-bib-shorts\/"},"modified":"2022-05-07T16:55:22","modified_gmt":"2022-05-07T14:55:22","slug":"patienta-bib-shorts","status":"publish","type":"product","link":"https:\/\/redbros.net\/fr\/produit\/patienta-bib-shorts\/","title":{"rendered":"Cuissard Patienta"},"content":{"rendered":"<p><span data-sheets-value=\"{\" data-sheets-userformat=\"{\">Pr\u00e9sentation de notre cuissard Patientia premi\u00e8re g\u00e9n\u00e9ration, con\u00e7u pour \u00eatre un cuissard polyvalent. Des trajets quotidiens \u00e0 votre premier &#8211; Gran Fondo, Patientia vous couvrira en toutes circonstances ! Nos coutures sont plac\u00e9es de mani\u00e8re ergonomique, \u00e0 la fois \u00e9lastiques pour une plus grande libert\u00e9 de mouvement des hanches. Soigneusement assembl\u00e9 avec nos paneaux en tissu MESH, pour permettre un confort optimal autour des omoplates et en bas du dos. Patientia reste une couche agr\u00e9able et respirante qui \u00e9pouse la courbure de la colonne vert\u00e9brale. Le bas du cuissard allong\u00e9s en silicone d\u00e9coup\u00e9s au laser pour afficher un ajustement propre au quadriceps qui est \u00e0 la fois confortable et adapt\u00e9 au coursier dans l&rsquo;\u00e2me. AVERTISSEMENT : les lignes de bronzage sont sujettes \u00e0 jugement.<br \/>\n<\/span><\/p>\n<h4>Mat\u00e9riel et technologie<\/h4>\n<p><span data-sheets-value=\"{\" data-sheets-userformat=\"{\">Tissu en maille noire pour les bretelles : coupe directe + coupe et impression du Lycra<\/span><\/p>\n<p>&nbsp;<\/p>\n","protected":false},"excerpt":{"rendered":"<p><span data-sheets-value=\"{\" data-sheets-userformat=\"{\">Pr\u00e9sentation de notre cuissard Patientia premi\u00e8re g\u00e9n\u00e9ration, con\u00e7u pour \u00eatre un cuissard polyvalent. Des trajets quotidiens \u00e0 votre premier &#8211; Gran Fondo, Patientia vous couvrira en toutes circonstances ! Nos coutures sont plac\u00e9es de mani\u00e8re ergonomique, \u00e0 la fois \u00e9lastiques pour une plus grande libert\u00e9 de mouvement des hanches. Soigneusement assembl\u00e9 avec nos paneaux en tissu MESH, pour permettre un confort optimal autour des omoplates et en bas du dos. Patientia reste une couche agr\u00e9able et respirante qui \u00e9pouse la courbure de la colonne vert\u00e9brale. Le bas du cuissard allong\u00e9s en silicone d\u00e9coup\u00e9s au laser pour afficher un ajustement propre au quadriceps qui est \u00e0 la fois confortable et adapt\u00e9 au coursier dans l&rsquo;\u00e2me. AVERTISSEMENT : les lignes de bronzage sont sujettes \u00e0 jugement.<br \/>\n<\/span><\/p>\n<h4>Mat\u00e9riel et technologie<\/h4>\n<p><span data-sheets-value=\"{\" data-sheets-userformat=\"{\">Tissu en maille noire pour les bretelles : coupe directe + coupe et impression du Lycra<\/span><\/p>\n","protected":false},"featured_media":6092,"comment_status":"open","ping_status":"closed","template":"","meta":{"pmpro_default_level":""},"product_brand":[],"product_cat":[182,183,167,168],"product_tag":[412,413,262],"class_list":{"0":"post-4514","1":"product","2":"type-product","3":"status-publish","4":"has-post-thumbnail","6":"product_cat-cyclo-cross-fr","7":"product_cat-gravel-fr","8":"product_cat-hommes","9":"product_cat-velo-de-route","10":"product_tag-castelli-fr","11":"product_tag-rapha-fr","12":"product_tag-velo","13":"pmpro-has-access","15":"first","16":"outofstock","17":"taxable","18":"shipping-taxable","19":"purchasable","20":"product-type-variable","21":"has-default-attributes"},"aioseo_notices":[],"jetpack_sharing_enabled":true,"jetpack-related-posts":[],"_links":{"self":[{"href":"https:\/\/redbros.net\/fr\/wp-json\/wp\/v2\/product\/4514"}],"collection":[{"href":"https:\/\/redbros.net\/fr\/wp-json\/wp\/v2\/product"}],"about":[{"href":"https:\/\/redbros.net\/fr\/wp-json\/wp\/v2\/types\/product"}],"replies":[{"embeddable":true,"href":"https:\/\/redbros.net\/fr\/wp-json\/wp\/v2\/comments?post=4514"}],"wp:featuredmedia":[{"embeddable":true,"href":"https:\/\/redbros.net\/fr\/wp-json\/wp\/v2\/media\/6092"}],"wp:attachment":[{"href":"https:\/\/redbros.net\/fr\/wp-json\/wp\/v2\/media?parent=4514"}],"wp:term":[{"taxonomy":"product_brand","embeddable":true,"href":"https:\/\/redbros.net\/fr\/wp-json\/wp\/v2\/product_brand?post=4514"},{"taxonomy":"product_cat","embeddable":true,"href":"https:\/\/redbros.net\/fr\/wp-json\/wp\/v2\/product_cat?post=4514"},{"taxonomy":"product_tag","embeddable":true,"href":"https:\/\/redbros.net\/fr\/wp-json\/wp\/v2\/product_tag?post=4514"}],"curies":[{"name":"wp","href":"https:\/\/api.w.org\/{rel}","templated":true}]}}