{"id":8519,"date":"2024-04-18T15:13:34","date_gmt":"2024-04-18T13:13:34","guid":{"rendered":"https:\/\/redbros.net\/?post_type=product&#038;p=8519"},"modified":"2024-08-17T10:58:00","modified_gmt":"2024-08-17T08:58:00","slug":"maillot-cruise-manches-courtes","status":"publish","type":"product","link":"https:\/\/redbros.net\/fr\/produit\/maillot-cruise-manches-courtes\/","title":{"rendered":"RB1 Maillot Cruise"},"content":{"rendered":"<p>Le maillot cruise a un design de premier ordre avec des d\u00e9tails pour un meilleur a\u00e9rodynamisme et est une version l\u00e9g\u00e8re et polyvalente du maillot de cyclisme que vous avez l&rsquo;habitude de porter. Ce maillot est con\u00e7u pour la croisi\u00e8re et le confort tout au long de la journ\u00e9e, avec une excellente gestion de l&rsquo;humidit\u00e9, une coupe confortable et trois poches de taille normale pour la mobilit\u00e9. Avec une fermeture \u00e9clair YKK sur toute la longueur, ce maillot offre une meilleure ventilation en cas de surchauffe. Les 3 poches dans le dos sont facilement accessibles et d&rsquo;une taille id\u00e9ale pour 3 manettes de jeu ou 12 barres de milka ! <span style=\"font-family: inherit; font-size: 1.5rem;\">Mat\u00e9riel et technologie<\/span> Corps en maille Dragonfly, con\u00e7u pour s&rsquo;adapter \u00e0 la silhouette naturelle du corps tout en conservant une coupe comprim\u00e9e et nette. Manches allong\u00e9es d\u00e9coup\u00e9es au laser, fabriqu\u00e9es dans notre tissu en maille simple qui \u00e9pouse les courbes des bras et accentue la forme du corps.<\/p>\n","protected":false},"excerpt":{"rendered":"<p>Le maillot pour hommes CRUISE jersey de redbros, est un maillot polyvalent et l\u00e9ger qui est parfait pour chaque sortie en toutes saisons. Un maillot fabriqu\u00e9 \u00e0 partir de nos meilleures tissus techniques, des manches longues pour une finition de coupe plus nette grace \u00e0 notre tissu MESH signature. Ce mod\u00e8le assure une plus grande mobilit\u00e9 pour l&rsquo;acc\u00e8s aux poches et les d\u00e9placements sur le v\u00e9lo. La combinaison de notre nouveau motif de couture PES \u00e9vite une couture suppl\u00e9mentaire \u00e0 l&rsquo;\u00e9paule et \u00e0 la taille ce qui fait de ce maillot un v\u00eatement tr\u00e8s confortable qui saura se faire oublier lors du sprint final. Dot\u00e9e d&rsquo;un zip YKK sur toute la longueur, ce maillot offre une meilleure ventilation en cas de surchauffe. 3 poches \u00e0 l&rsquo;arri\u00e8re sont facilement accessibles et sont \u00e0 la taille parfaite pour votre telephone et quelques kinder !<\/p>\n","protected":false},"featured_media":8858,"comment_status":"open","ping_status":"closed","template":"","meta":{"pmpro_default_level":""},"product_brand":[],"product_cat":[451,182,183,167,168],"product_tag":[],"class_list":{"0":"post-8519","1":"product","2":"type-product","3":"status-publish","4":"has-post-thumbnail","6":"product_cat-produits-custom","7":"product_cat-cyclo-cross-fr","8":"product_cat-gravel-fr","9":"product_cat-hommes","10":"product_cat-velo-de-route","11":"pmpro-has-access","13":"first","14":"instock","15":"taxable","16":"shipping-taxable","17":"purchasable","18":"product-type-variable","19":"has-default-attributes"},"aioseo_notices":[],"jetpack_sharing_enabled":true,"jetpack-related-posts":[],"_links":{"self":[{"href":"https:\/\/redbros.net\/fr\/wp-json\/wp\/v2\/product\/8519"}],"collection":[{"href":"https:\/\/redbros.net\/fr\/wp-json\/wp\/v2\/product"}],"about":[{"href":"https:\/\/redbros.net\/fr\/wp-json\/wp\/v2\/types\/product"}],"replies":[{"embeddable":true,"href":"https:\/\/redbros.net\/fr\/wp-json\/wp\/v2\/comments?post=8519"}],"wp:featuredmedia":[{"embeddable":true,"href":"https:\/\/redbros.net\/fr\/wp-json\/wp\/v2\/media\/8858"}],"wp:attachment":[{"href":"https:\/\/redbros.net\/fr\/wp-json\/wp\/v2\/media?parent=8519"}],"wp:term":[{"taxonomy":"product_brand","embeddable":true,"href":"https:\/\/redbros.net\/fr\/wp-json\/wp\/v2\/product_brand?post=8519"},{"taxonomy":"product_cat","embeddable":true,"href":"https:\/\/redbros.net\/fr\/wp-json\/wp\/v2\/product_cat?post=8519"},{"taxonomy":"product_tag","embeddable":true,"href":"https:\/\/redbros.net\/fr\/wp-json\/wp\/v2\/product_tag?post=8519"}],"curies":[{"name":"wp","href":"https:\/\/api.w.org\/{rel}","templated":true}]}}