{"id":9311,"date":"2024-07-16T16:40:58","date_gmt":"2024-07-16T14:40:58","guid":{"rendered":"https:\/\/redbros.net\/produit\/airo-socks-2\/"},"modified":"2024-07-16T16:40:58","modified_gmt":"2024-07-16T14:40:58","slug":"airo-socks-2","status":"publish","type":"product","link":"https:\/\/redbros.net\/fr\/produit\/airo-socks-2\/","title":{"rendered":"AIRO-Socks 2"},"content":{"rendered":"<p><span data-sheets-value=\"{\"1\":2,\"2\":\"Our aero socks are the perfect way to save time and money whilst increasing your performance across all disciplines. Time-trials, road\/gravel races, GRANFONDOS and cyclosportifs. Our AIRO socks are the cheapest watts to earn on your bike. We have included a heightened ankle seam to allow greater comfort at longer distances, and a thicker yet breathable sock-bed which compliments the feet natural form it would be a shame to go without 8 extra watts. \"}\" data-sheets-userformat=\"{\"2\":29629,\"3\":{\"1\":0},\"5\":{\"1\":[{\"1\":2,\"2\":0,\"5\":{\"1\":2,\"2\":0}},{\"1\":0,\"2\":0,\"3\":3},{\"1\":1,\"2\":0,\"4\":1}]},\"6\":{\"1\":[{\"1\":2,\"2\":0,\"5\":{\"1\":2,\"2\":0}},{\"1\":0,\"2\":0,\"3\":3},{\"1\":1,\"2\":0,\"4\":1}]},\"7\":{\"1\":[{\"1\":2,\"2\":0,\"5\":{\"1\":2,\"2\":0}},{\"1\":0,\"2\":0,\"3\":3},{\"1\":1,\"2\":0,\"4\":1}]},\"8\":{\"1\":[{\"1\":2,\"2\":0,\"5\":{\"1\":2,\"2\":0}},{\"1\":0,\"2\":0,\"3\":3},{\"1\":1,\"2\":0,\"4\":1}]},\"10\":1,\"11\":4,\"12\":0,\"15\":\"Arial\",\"16\":8,\"17\":1}\">L\u00e9g\u00e8rement plus a\u00e9r\u00e9e que la premi\u00e8re version, elle est toujours aussi a\u00e9rodynamique. <\/span><\/p>\n<p><span data-sheets-value=\"{\"1\":2,\"2\":\"Our aero socks are the perfect way to save time and money whilst increasing your performance across all disciplines. Time-trials, road\/gravel races, GRANFONDOS and cyclosportifs. Our AIRO socks are the cheapest watts to earn on your bike. We have included a heightened ankle seam to allow greater comfort at longer distances, and a thicker yet breathable sock-bed which compliments the feet natural form it would be a shame to go without 8 extra watts. \"}\" data-sheets-userformat=\"{\"2\":29629,\"3\":{\"1\":0},\"5\":{\"1\":[{\"1\":2,\"2\":0,\"5\":{\"1\":2,\"2\":0}},{\"1\":0,\"2\":0,\"3\":3},{\"1\":1,\"2\":0,\"4\":1}]},\"6\":{\"1\":[{\"1\":2,\"2\":0,\"5\":{\"1\":2,\"2\":0}},{\"1\":0,\"2\":0,\"3\":3},{\"1\":1,\"2\":0,\"4\":1}]},\"7\":{\"1\":[{\"1\":2,\"2\":0,\"5\":{\"1\":2,\"2\":0}},{\"1\":0,\"2\":0,\"3\":3},{\"1\":1,\"2\":0,\"4\":1}]},\"8\":{\"1\":[{\"1\":2,\"2\":0,\"5\":{\"1\":2,\"2\":0}},{\"1\":0,\"2\":0,\"3\":3},{\"1\":1,\"2\":0,\"4\":1}]},\"10\":1,\"11\":4,\"12\":0,\"15\":\"Arial\",\"16\":8,\"17\":1}\">Nos chaussettes aero sont l&rsquo;atout id\u00e9al pour gagner du temps \u00e0 moindre frais. L&rsquo;avantage c&rsquo;est que vous pouvez les mettre non seulement en contre la montre mais egalement lors de vos GRANFONDO et toutes vos cyclosportives. Nos chaussettes AERO sont les watts les moins ch\u00e8res \u00e0 gagner sur votre velo. Avec leur grand confort, il serait dommage de se priver de 8 watts de plus.<\/span><\/p>\n<p>Choisissez des chaussettes a\u00e9rodynamiques de contre-la-montre pour vos sorties quotidiennes sur route, sur gravier ou en triathlon.<\/p>\n<p>D\u00e9sormais, il n&rsquo;est plus n\u00e9cessaire d&rsquo;entrer dans une soufflerie pour \u00e9conomiser des WATTS. Et les chaussettes a\u00e9rodynamiques ne sont plus seulement destin\u00e9es au contre-la-montre. Vous pouvez porter nos chaussettes de cyclisme a\u00e9rodynamique \u00e0 chaque sortie, m\u00eame la plus longue. Le caoutchouc silicon\u00e9 sur le mollet est tr\u00e8s extensible, de sorte qu&rsquo;elles ne tombent pas sur la cheville mais ne compriment pas non plus les jambes !<\/p>\n<p>Consultez aussi notre instagram : <a href=\"https:\/\/www.instagram.com\/redbros_ltd\/\">https:\/\/www.instagram.com\/redbros_ltd\/<\/a><\/p>\n<p>Voir le reste de nos produits : <a href=\"https:\/\/redbros.net\/shop\/\">https:\/\/redbros.net\/shop\/<\/a><\/p>\n<h4>Mat\u00e9riel et technologie<\/h4>\n<p><span data-sheets-value=\"{\"1\":2,\"2\":\"Polyester \/ lycra composite sock bed. AIRO strip lined collar\"}\" data-sheets-userformat=\"{\"2\":29629,\"3\":{\"1\":0},\"5\":{\"1\":[{\"1\":2,\"2\":0,\"5\":{\"1\":2,\"2\":0}},{\"1\":0,\"2\":0,\"3\":3},{\"1\":1,\"2\":0,\"4\":1}]},\"6\":{\"1\":[{\"1\":2,\"2\":0,\"5\":{\"1\":2,\"2\":0}},{\"1\":0,\"2\":0,\"3\":3},{\"1\":1,\"2\":0,\"4\":1}]},\"7\":{\"1\":[{\"1\":2,\"2\":0,\"5\":{\"1\":2,\"2\":0}},{\"1\":0,\"2\":0,\"3\":3},{\"1\":1,\"2\":0,\"4\":1}]},\"8\":{\"1\":[{\"1\":2,\"2\":0,\"5\":{\"1\":2,\"2\":0}},{\"1\":0,\"2\":0,\"3\":3},{\"1\":1,\"2\":0,\"4\":2}]},\"10\":1,\"11\":4,\"12\":0,\"15\":\"Arial\",\"16\":8,\"17\":1}\">Polyester \/ lycra composite sock bed. Col doubl\u00e9 de bandes AIRO.<\/span><\/p>\n<p>Silicone extensible<\/p>\n","protected":false},"excerpt":{"rendered":"<p><span data-sheets-value=\"{\"1\":2,\"2\":\"Our aero socks are the perfect way to save time and money whilst increasing your performance across all disciplines. Time-trials, road\/gravel races, GRANFONDOS and cyclosportifs. Our AIRO socks are the cheapest watts to earn on your bike. We have included a heightened ankle seam to allow greater comfort at longer distances, and a thicker yet breathable sock-bed which compliments the feet natural form it would be a shame to go without 8 extra watts. \"}\" data-sheets-userformat=\"{\"2\":29629,\"3\":{\"1\":0},\"5\":{\"1\":[{\"1\":2,\"2\":0,\"5\":{\"1\":2,\"2\":0}},{\"1\":0,\"2\":0,\"3\":3},{\"1\":1,\"2\":0,\"4\":1}]},\"6\":{\"1\":[{\"1\":2,\"2\":0,\"5\":{\"1\":2,\"2\":0}},{\"1\":0,\"2\":0,\"3\":3},{\"1\":1,\"2\":0,\"4\":1}]},\"7\":{\"1\":[{\"1\":2,\"2\":0,\"5\":{\"1\":2,\"2\":0}},{\"1\":0,\"2\":0,\"3\":3},{\"1\":1,\"2\":0,\"4\":1}]},\"8\":{\"1\":[{\"1\":2,\"2\":0,\"5\":{\"1\":2,\"2\":0}},{\"1\":0,\"2\":0,\"3\":3},{\"1\":1,\"2\":0,\"4\":1}]},\"10\":1,\"11\":4,\"12\":0,\"15\":\"Arial\",\"16\":8,\"17\":1}\">Nos chaussettes aero sont l&rsquo;atout id\u00e9al pour gagner du temps \u00e0 moindre frais. L&rsquo;avantage c&rsquo;est que vous pouvez les mettre non seulement en contre la montre mais egalement lors de vos GRANFONDO et toutes vos cyclosportives. Nos chaussettes AERO sont les watts les moins ch\u00e8res \u00e0 gagner sur votre velo. Avec leur grand confort, il serait dommage de se priver de 8 watts de plus. <\/span><\/p>\n","protected":false},"featured_media":9272,"comment_status":"open","ping_status":"closed","template":"","meta":{"pmpro_default_level":""},"product_brand":[],"product_cat":[182,187,170,183,188,167,181,168],"product_tag":[],"class_list":{"0":"post-9311","1":"product","2":"type-product","3":"status-publish","4":"has-post-thumbnail","6":"product_cat-cyclo-cross-fr","7":"product_cat-cyclo-cross-2-fr","8":"product_cat-femmes","9":"product_cat-gravel-fr","10":"product_cat-gravel-2-fr","11":"product_cat-hommes","12":"product_cat-velo-de-route-fr","13":"product_cat-velo-de-route","14":"pmpro-has-access","16":"first","17":"outofstock","18":"taxable","19":"shipping-taxable","20":"purchasable","21":"product-type-variable","22":"has-default-attributes"},"aioseo_notices":[],"jetpack_sharing_enabled":true,"jetpack-related-posts":[],"_links":{"self":[{"href":"https:\/\/redbros.net\/fr\/wp-json\/wp\/v2\/product\/9311"}],"collection":[{"href":"https:\/\/redbros.net\/fr\/wp-json\/wp\/v2\/product"}],"about":[{"href":"https:\/\/redbros.net\/fr\/wp-json\/wp\/v2\/types\/product"}],"replies":[{"embeddable":true,"href":"https:\/\/redbros.net\/fr\/wp-json\/wp\/v2\/comments?post=9311"}],"wp:featuredmedia":[{"embeddable":true,"href":"https:\/\/redbros.net\/fr\/wp-json\/wp\/v2\/media\/9272"}],"wp:attachment":[{"href":"https:\/\/redbros.net\/fr\/wp-json\/wp\/v2\/media?parent=9311"}],"wp:term":[{"taxonomy":"product_brand","embeddable":true,"href":"https:\/\/redbros.net\/fr\/wp-json\/wp\/v2\/product_brand?post=9311"},{"taxonomy":"product_cat","embeddable":true,"href":"https:\/\/redbros.net\/fr\/wp-json\/wp\/v2\/product_cat?post=9311"},{"taxonomy":"product_tag","embeddable":true,"href":"https:\/\/redbros.net\/fr\/wp-json\/wp\/v2\/product_tag?post=9311"}],"curies":[{"name":"wp","href":"https:\/\/api.w.org\/{rel}","templated":true}]}}